{"id":9933,"date":"2023-09-28T16:38:34","date_gmt":"2023-09-28T16:38:34","guid":{"rendered":"https:\/\/shop.bestudio.ee\/?post_type=product&#038;p=9933"},"modified":"2025-12-01T00:27:13","modified_gmt":"2025-11-30T22:27:13","slug":"gc05-galaxy-cat-eye-05-8ml","status":"publish","type":"product","link":"https:\/\/shop.bestudio.ee\/lv\/products\/gc05-galaxy-cat-eye-05-8ml\/","title":{"rendered":"G\u0113la laka GC05 Galaxy Cat Eye 05, 8ml"},"content":{"rendered":"<ul>\n<li>Uzman\u012bbu: pirms uzkl\u0101\u0161anas pudele ir j\u0101sakrata (plankumi paliek apak\u0161\u0101)<\/li>\n<li>Tilpums: 8ml<\/li>\n<li>Ievieto\u0161ana: CG01-CG06<\/li>\n<\/ul>\n<p>LED lampa min 48W \u2013 1 min\u016bte. UV lampa 36W \u2013 2 min\u016btes<\/p>\n<p>Lieto\u0161anas veids: Uzkl\u0101t pl\u0101nu b\u0101zes k\u0101rtu \u2013 saciet\u0113t UV\/LED lamp\u0101. Uzkl\u0101jiet savu iecien\u012bt\u0101k\u0101s Cat Eye kr\u0101sas pirmo k\u0101rtu \u2013 velciet Magnetic Stick pret nagu uz 5 sekund\u0113m (nepieskaroties tam) \u2013 saciet\u0113jiet UV\/LED lamp\u0101. Uzkl\u0101jiet otro Cat Eye kr\u0101sas k\u0101rtu un velciet Magnetic Stick pret nagu 5 sekundes (nepieskaroties tai). Kad jums ir apmierino\u0161s efekts, saciet\u0113jiet to UV\/LED lamp\u0101.<\/p>\n<p>SAST\u0100VDA\u013bAS: AKRIL\u0100TU KOPOLIMERS, HEMA, TRIMETILBENZOILDIFENILFOSF\u012aNA OKS\u012aDS, HIDROKSIKLOHEKSILA FENILKETONS, Sil\u012bcija dioks\u012bds, MICA, +\/-: CI 45410, CI 15810, CI 15810, 40,71, 71, 71 CI CI\u00a077499, CI\u00a077891, CI\u00a077288.<\/p>","protected":false},"excerpt":{"rendered":"<p>G\u0113la laka MAKEAR\u2122 UV\/LED<br \/>\nGalaxy Cat Eye kolekcija<\/p>\n<p>M\u016bsu Illusion un Cat Eye kolekciju sajaukums? K\u0101p\u0113c ne? Nep\u0101rprotams, aizraujo\u0161s un divu kr\u0101su sajaukums, kas iepriecin\u0101s ikvienu. Dioptrijas met\u0101liski plankumi, ko varat atrast Galaxy kolekcij\u0101, rada p\u0101rsteidzo\u0161u galaktiku.<br \/>\nLai ieg\u016btu efektu, jums vajadz\u0113tu lietot Magnetic Stick.<\/p>\n<ul>\n<li>Augsts sp\u012bdums<\/li>\n<li>Iztur\u012bba: p\u0101ris ned\u0113\u013cas<\/li>\n<li>3 nesaturo\u0161i produkti: bez formaldeh\u012bda, toluola un DBP<\/li>\n<li>Perfektas formas ota<\/li>\n<li>\u012asta kr\u0101sa uz v\u0101ci\u0146a un grezn\u0101 pudele padara \u0161o produktu unik\u0101lu<\/li>\n<li>G\u0113la laka ir iepakota kartona iepakojum\u0101, kas nodro\u0161ina dro\u0161\u012bbu transport\u0113\u0161anas laik\u0101 un ir ar\u012b piln\u012bb\u0101 biolo\u0123iski no\u0101rd\u0101ma*<\/li>\n<li>Efekts tiek ieg\u016bts, izmantojot Magnetic Stick<\/li>\n<li>Uzman\u012bbu: pirms uzkl\u0101\u0161anas pudele ir j\u0101sakrata (plankumi paliek apak\u0161\u0101)<\/li>\n<\/ul>","protected":false},"featured_media":9934,"template":"","meta":[],"product_brand":[],"product_cat":[116,131,141,218,242],"product_tag":[154,152,153,155],"class_list":{"0":"post-9933","1":"product","2":"type-product","3":"status-publish","4":"has-post-thumbnail","6":"product_cat-makear","7":"product_cat-gel-polishes-makear","8":"product_cat-cat-eye-series","9":"product_cat-nail-gel-polishes","10":"product_cat-cat-eye-collection","11":"product_tag-cat-eye","12":"product_tag-geellakk","13":"product_tag-gel-polish","14":"product_tag-kassi-silm","16":"first","17":"instock","18":"taxable","19":"shipping-taxable","20":"purchasable","21":"product-type-simple"},"jetpack_sharing_enabled":true,"_links":{"self":[{"href":"https:\/\/shop.bestudio.ee\/lv\/wp-json\/wp\/v2\/product\/9933","targetHints":{"allow":["GET"]}}],"collection":[{"href":"https:\/\/shop.bestudio.ee\/lv\/wp-json\/wp\/v2\/product"}],"about":[{"href":"https:\/\/shop.bestudio.ee\/lv\/wp-json\/wp\/v2\/types\/product"}],"wp:featuredmedia":[{"embeddable":true,"href":"https:\/\/shop.bestudio.ee\/lv\/wp-json\/wp\/v2\/media\/9934"}],"wp:attachment":[{"href":"https:\/\/shop.bestudio.ee\/lv\/wp-json\/wp\/v2\/media?parent=9933"}],"wp:term":[{"taxonomy":"product_brand","embeddable":true,"href":"https:\/\/shop.bestudio.ee\/lv\/wp-json\/wp\/v2\/product_brand?post=9933"},{"taxonomy":"product_cat","embeddable":true,"href":"https:\/\/shop.bestudio.ee\/lv\/wp-json\/wp\/v2\/product_cat?post=9933"},{"taxonomy":"product_tag","embeddable":true,"href":"https:\/\/shop.bestudio.ee\/lv\/wp-json\/wp\/v2\/product_tag?post=9933"}],"curies":[{"name":"wp","href":"https:\/\/api.w.org\/{rel}","templated":true}]}}