{"id":9974,"date":"2023-09-28T18:50:13","date_gmt":"2023-09-28T18:50:13","guid":{"rendered":"https:\/\/shop.bestudio.ee\/?post_type=product&#038;p=9974"},"modified":"2025-12-01T00:26:30","modified_gmt":"2025-11-30T22:26:30","slug":"ag04-nude-pink-30g","status":"publish","type":"product","link":"https:\/\/shop.bestudio.ee\/lv\/products\/ag04-nude-pink-30g\/","title":{"rendered":"Acrygel AG04 Nude Pink, 30g"},"content":{"rendered":"<p><strong>K\u0101 lietot nagu pieaudz\u0113\u0161anas formas un \u017eelakrilu?<\/strong><\/p>\n<p>1. Pareizi sagatavojiet dabisko nagu pl\u0101ksni, mat\u0113jot, not\u012brot un attaukojot.<br \/>\n2. Uzkl\u0101jiet b\u0101zes p\u0101rkl\u0101jumu un saciet\u0113jiet zem LED\/UV lampas.<br \/>\n3. Izgrieziet un noregul\u0113jiet formu, lai t\u0101 atbilstu naga malai. Izmantojiet t\u012br\u012b\u0161anas l\u012bdzekl\u012b iem\u0113rc\u0113tu otu, lai izklied\u0113tu produktu uz s\u0101niem.<br \/>\n4. Kad esat apmierin\u0101ts ar rezult\u0101tu, izturiet lamp\u0101 60 sekundes.<br \/>\n5. Not\u012briet ar t\u012br\u012bt\u0101ju un v\u012bl\u0113, lai sasniegtu v\u0113lamo formu.<\/p>\n<p><strong>K\u0101 lietot divu formu pagarin\u0101jumus un \u017eelakrilu:<\/strong><\/p>\n<p>1. Sagatavojiet dabisko nagu pl\u0101ksni, mat\u0113jot, not\u012brot un attaukojot.<br \/>\n2. Uzkl\u0101jiet b\u0101zes p\u0101rkl\u0101jumu un saciet\u0113jiet zem LED\/UV lampas.<br \/>\n3. Izkl\u0101jiet akrila \u017eeleju dubult\u0101 form\u0101, piev\u0113r\u0161ot uzman\u012bbu v\u0113lamajam garumam.<br \/>\n4. Uzlieciet dubulto formu uz naga un nospiediet uz leju.<br \/>\n5. Not\u012briet lieko un izmantojiet v\u012bli, lai labotu formu.<br \/>\n6. Pabeigt stiliz\u0101ciju<\/p>\n<p><strong>Produkts ir savietojams ar visiem manik\u012bra produktiem. <\/strong><\/p>\n<p><strong>LED lampas min. 48\u00a0W \u2013 1 min. 36W UV lampa \u2013 2min.<\/strong><\/p>","protected":false},"excerpt":{"rendered":"<p><strong>\u017delakrils<\/strong><\/p>\n<p><strong>Akrilo-gels vien\u0101 izstr\u0101d\u0101jum\u0101 apvieno gan akrila, gan g\u0113la lab\u0101k\u0101s \u012bpa\u0161\u012bbas, pan\u0101kot akrila iztur\u012bbu un uzticam\u012bbu, k\u0101 ar\u012b g\u0113la elast\u012bbu. Gelacryl ir izstr\u0101d\u0101ts, lai b\u016btu sader\u012bgs ar tradicion\u0101laj\u0101m nagu pieaudz\u0113\u0161anas form\u0101m, k\u0101 ar\u012b ar dubult\u0101m form\u0101m. <\/strong><\/p>\n<p>&nbsp;<\/p>\n<p><strong>Tas darbojas \u012bpa\u0161i labi:<\/strong><\/p>\n<ul>\n<li>Virsb\u016bve<\/li>\n<li>Dab\u012bgo nagu pl\u0101k\u0161\u0146u cietin\u0101\u0161ana<\/li>\n<li>Papla\u0161in\u0101jumi<\/li>\n<li>Rekonstrukcija<\/li>\n<li>Uz leju augo\u0161u nagu korekcija<\/li>\n<\/ul>\n<p><strong>Priek\u0161roc\u012bbas<\/strong>:<\/p>\n<ul>\n<li>Bieza konsistence, kas ne\u013cauj nopl\u016bst uz kutikul\u0101m, pied\u0101v\u0101jot piln\u012bgu produkta kontroli.<\/li>\n<li>NEIZRAISA DEDGU\u0160ANU ZEM LAMPAS.<\/li>\n<li>Bez smar\u017eas<\/li>\n<li>\u013bauj veikt l\u012bdz pat 5 nagu pieaudz\u0113\u0161anu vienlaic\u012bgi<\/li>\n<li>Nodro\u0161ina ilgsto\u0161u stilu; nagi k\u013c\u016bst \u013coti iztur\u012bgi pret boj\u0101jumiem.<\/li>\n<\/ul>","protected":false},"featured_media":9975,"template":"","meta":[],"product_brand":[],"product_cat":[116,143,222,224],"product_tag":[147,146],"class_list":{"0":"post-9974","1":"product","2":"type-product","3":"status-publish","4":"has-post-thumbnail","6":"product_cat-makear","7":"product_cat-acrylogel-gelacryl","8":"product_cat-sculpting-gel-acrygel","9":"product_cat-acrygel","10":"product_tag-acrygel","11":"product_tag-akrugeel","13":"first","14":"instock","15":"taxable","16":"shipping-taxable","17":"purchasable","18":"product-type-simple"},"jetpack_sharing_enabled":true,"_links":{"self":[{"href":"https:\/\/shop.bestudio.ee\/lv\/wp-json\/wp\/v2\/product\/9974","targetHints":{"allow":["GET"]}}],"collection":[{"href":"https:\/\/shop.bestudio.ee\/lv\/wp-json\/wp\/v2\/product"}],"about":[{"href":"https:\/\/shop.bestudio.ee\/lv\/wp-json\/wp\/v2\/types\/product"}],"wp:featuredmedia":[{"embeddable":true,"href":"https:\/\/shop.bestudio.ee\/lv\/wp-json\/wp\/v2\/media\/9975"}],"wp:attachment":[{"href":"https:\/\/shop.bestudio.ee\/lv\/wp-json\/wp\/v2\/media?parent=9974"}],"wp:term":[{"taxonomy":"product_brand","embeddable":true,"href":"https:\/\/shop.bestudio.ee\/lv\/wp-json\/wp\/v2\/product_brand?post=9974"},{"taxonomy":"product_cat","embeddable":true,"href":"https:\/\/shop.bestudio.ee\/lv\/wp-json\/wp\/v2\/product_cat?post=9974"},{"taxonomy":"product_tag","embeddable":true,"href":"https:\/\/shop.bestudio.ee\/lv\/wp-json\/wp\/v2\/product_tag?post=9974"}],"curies":[{"name":"wp","href":"https:\/\/api.w.org\/{rel}","templated":true}]}}