{"id":9990,"date":"2023-09-28T22:26:17","date_gmt":"2023-09-28T19:26:17","guid":{"rendered":"https:\/\/shop.bestudio.ee\/?post_type=product&#038;p=9990"},"modified":"2025-12-01T00:25:00","modified_gmt":"2025-11-30T22:25:00","slug":"dual-forms-square-120pcs","status":"publish","type":"product","link":"https:\/\/shop.bestudio.ee\/lv\/products\/dual-forms-square-120pcs\/","title":{"rendered":"Dual Forms Square, 120gab"},"content":{"rendered":"<p>Kast\u012bt\u0113 ir 12 izm\u0113ri, katr\u0101 izm\u0113r\u0101 ir 10 veidlapas.<\/p>\n<p>Iepakojum\u0101 ir 120 veid\u0146u gabali.<\/p>","protected":false},"excerpt":{"rendered":"<p><strong>Divk\u0101r\u0161\u0101s silikona formas dab\u012bgo nagu pieaudz\u0113\u0161anai un saciet\u0113\u0161anai, izmantojot akrila g\u0113lu, akrilu un \u017eelejas.<\/strong><\/p>\n<p>Priek\u0161roc\u012bbas:<\/p>\n<ul>\n<li>Atk\u0101rtota izmanto\u0161ana - p\u0113c veido\u0161anas un saciet\u0113\u0161anas zem lampas, j\u016bs varat izmantot veidlapas v\u0113lreiz<\/li>\n<li>Tie labi iederas, veidojot naga r\u0101mi, veidojot tuneli un C formu<\/li>\n<li>Forma ir iztur\u012bga un elast\u012bga.<\/li>\n<li>Darbs ar du\u0101l\u0101m form\u0101m pa\u0101trina stilista darbu.<\/li>\n<li>Papildu, vienm\u0113r\u012bgi izvietotas l\u012bnijas \u013cauj izv\u0113l\u0113ties pagarin\u0101juma garumu.<\/li>\n<\/ul>","protected":false},"featured_media":9991,"template":"","meta":[],"product_brand":[],"product_cat":[116,143,226,230],"product_tag":[144,145],"class_list":{"0":"post-9990","1":"product","2":"type-product","3":"status-publish","4":"has-post-thumbnail","6":"product_cat-makear","7":"product_cat-acrylogel-gelacryl","8":"product_cat-accessories","9":"product_cat-nail-accessories","10":"product_tag-kuunte-vormid","11":"product_tag-nail-forms","13":"first","14":"outofstock","15":"taxable","16":"shipping-taxable","17":"purchasable","18":"product-type-simple"},"jetpack_sharing_enabled":true,"_links":{"self":[{"href":"https:\/\/shop.bestudio.ee\/lv\/wp-json\/wp\/v2\/product\/9990","targetHints":{"allow":["GET"]}}],"collection":[{"href":"https:\/\/shop.bestudio.ee\/lv\/wp-json\/wp\/v2\/product"}],"about":[{"href":"https:\/\/shop.bestudio.ee\/lv\/wp-json\/wp\/v2\/types\/product"}],"wp:featuredmedia":[{"embeddable":true,"href":"https:\/\/shop.bestudio.ee\/lv\/wp-json\/wp\/v2\/media\/9991"}],"wp:attachment":[{"href":"https:\/\/shop.bestudio.ee\/lv\/wp-json\/wp\/v2\/media?parent=9990"}],"wp:term":[{"taxonomy":"product_brand","embeddable":true,"href":"https:\/\/shop.bestudio.ee\/lv\/wp-json\/wp\/v2\/product_brand?post=9990"},{"taxonomy":"product_cat","embeddable":true,"href":"https:\/\/shop.bestudio.ee\/lv\/wp-json\/wp\/v2\/product_cat?post=9990"},{"taxonomy":"product_tag","embeddable":true,"href":"https:\/\/shop.bestudio.ee\/lv\/wp-json\/wp\/v2\/product_tag?post=9990"}],"curies":[{"name":"wp","href":"https:\/\/api.w.org\/{rel}","templated":true}]}}