{"id":10622,"date":"2025-10-02T22:10:51","date_gmt":"2025-10-02T19:10:51","guid":{"rendered":"https:\/\/shop.bestudio.ee\/?post_type=product&#038;p=10622"},"modified":"2026-01-16T20:11:26","modified_gmt":"2026-01-16T18:11:26","slug":"luxio-gel-build-shantel-15ml-5oz","status":"publish","type":"product","link":"https:\/\/shop.bestudio.ee\/ru\/product\/luxio-gel-build-shantel-15ml-5oz\/","title":{"rendered":"LUXIO GEL \u2013 BUILD SHANTEL 15 \u043c\u043b\/.5 \u0443\u043d\u0446\u0438\u0438"},"content":{"rendered":"<h3 class=\"station-tabs-tabtitle\"><span id=\"station-tabs-tab_ht-i0-t11\" class=\"station-tabs-tab is-active\" role=\"button\" aria-controls=\"station-tabs-tabpanel_ht-i0-t11\" data-slug=\"product-highlightsnbsp\" aria-expanded=\"true\"><span class=\"station-tabs-tabtext\">PRODUCT HIGHLIGHTS:\u00a0<\/span><\/span><\/h3>\n<div id=\"station-tabs-tabpanel_ht-i0-t11\" class=\"station-tabs-tabpanel is-active\" role=\"region\" aria-labelledby=\"station-tabs-tab_ht-i0-t11\" aria-hidden=\"false\">\n<div class=\"station-tabs-tabcontent\">\n<ul>\n<li>100% Pure Gel<\/li>\n<li>TPO-Free, HEMA-Free, 10-Free, Solvent-Free, Odour-Free<\/li>\n<li>Self-levelling builder gel formula<\/li>\n<li>Easy application<\/li>\n<li>Perfect for introducing structured manicures to a Luxio service<\/li>\n<li>Buildable coverage that is natural-looking<\/li>\n<li>Extremely durable and long-lasting results<\/li>\n<li>Does not chip, peel or crack<\/li>\n<li>Can be easily soaked-off using Akz\u00e9ntz Soak-Off Solution.<\/li>\n<li>Made in Canada (with European and North American Ingredients)<\/li>\n<\/ul>\n<p>_________________________________________________________________<\/p>\n<h3 class=\"station-tabs-tabtitle\"><span id=\"station-tabs-tab_ht-i0-t27\" class=\"station-tabs-tab mod-last is-active\" role=\"button\" aria-controls=\"station-tabs-tabpanel_ht-i0-t27\" data-slug=\"recommended-use\" aria-expanded=\"true\"><span class=\"station-tabs-tabtext\">RECOMMENDED USE:<\/span><\/span><\/h3>\n<div id=\"station-tabs-tabpanel_ht-i0-t27\" class=\"station-tabs-tabpanel is-active\" role=\"region\" aria-labelledby=\"station-tabs-tab_ht-i0-t27\" aria-hidden=\"false\">\n<div class=\"station-tabs-tabcontent\">\n<p><strong>Step 1: Nail Preparation<\/strong><br \/>\nBegin by thoroughly prepping the natural nails: cleanse with Akz\u00e9ntz Prep &amp; Wipe, push back or remove cuticles, and buff the nail plate removing all shine, we recommend a 180 grit file.<\/p>\n<p><strong>Step 2: Base Application<\/strong><br \/>\nApply a thin, even layer of Luxio\u00ae Base to the center of the nail, carefully pushing the brush up to the cuticle without touching it. With a light hand, smooth the base down towards the free edge, ensuring full coverage of the nail plate. Cure for 30 seconds.<\/p>\n<p><strong>Step 3: Build Application<\/strong><br \/>\nSelect your desired Luxio\u00ae Build Shade. Paint a thin layer across the entire nail plate &#8211; do not cure. Next, apply a bead of Luxio\u00ae Build to the centre of the nail to create a strong apex and allow the product to self-level for a smooth and even surface. Using either the Luxio\u00ae brush (a liner brush) to gentle make any adjustments before curing for 30 seconds in an Akzentz LED light.<\/p>\n<p><strong>Step 4: Shape and File (optional)<\/strong><br \/>\nAfter curing, wipe the surface of the nails with a lint-free Gel Wipe moistened with Prep &amp; Wipe solution. Shape and file the nails as desired using an Akzentz nail file\/buffer. Once complete, wipe again with Prep &amp; Wipe to remove any dust.<\/p>\n<p><strong>Step 5: Finish<\/strong><br \/>\nComplete the service by applying Luxio\u00ae Gloss for a long lasting glossy finish. Cure for 30 seconds, then remove the sticky layer with Akz\u00e9ntz Prep &amp; Wipe. If a tack-free top gloss is preferred, use Akz\u00e9ntz Shine-On. A matte effect can also be achieved by using Akz\u00e9ntz Matte-On.<\/p>\n<p><strong>For Professional-Use Only.<br \/>\n15ml\/0.5oz<\/strong><\/p>\n<p><strong>Ingredients:<\/strong> DI-HEMA TRIMETHYLHEXYL DICARBAMATE, HYDROXYPROPYL METHACRYLATE, ETHYL TRIMETHYLBENZOYL PHENYLPHOSPHINATE; P-HYDROXYANISOLE, SILICA, SILICA SILYLATE [+\/-: C|77891, C|77491, C|77499, C|77492]<\/p>\n<\/div>\n<\/div>\n<\/div>\n<\/div>\n","protected":false},"excerpt":{"rendered":"<h3 class=\"station-tabs-tabtitle\"><span id=\"station-tabs-tab_ht-i0-t5\" class=\"station-tabs-tab mod-first is-active\" role=\"button\" aria-controls=\"station-tabs-tabpanel_ht-i0-t5\" data-slug=\"soak-off-builder-gelnbsp\" aria-expanded=\"true\"><span class=\"station-tabs-tabtext\">SOAK-OFF \u0421\u0422\u0420\u041e\u0418\u0422\u0415\u041b\u042c\u041d\u042b\u0419 \u0413\u0415\u041b\u042c\u00a0<\/span><\/span><\/h3>\n<div id=\"station-tabs-tabpanel_ht-i0-t5\" class=\"station-tabs-tabpanel is-active\" role=\"region\" aria-labelledby=\"station-tabs-tab_ht-i0-t5\" aria-hidden=\"false\">\n<div class=\"station-tabs-tabcontent\">\n<p>\u041a\u0440\u0430\u0441\u0438\u0432\u044b\u0439 \u0440\u043e\u0437\u043e\u0432\u043e-\u043d\u0435\u0439\u0442\u0440\u0430\u043b\u044c\u043d\u044b\u0439 \u043e\u0442\u0442\u0435\u043d\u043e\u043a.<\/p>\n<p><strong>\u0421\u0440\u0435\u0434\u043d\u0435-\u0436\u0438\u0434\u043a\u0438\u0439 \u0441\u0442\u0440\u043e\u0438\u0442\u0435\u043b\u044c\u043d\u044b\u0439 \u043c\u0430\u0442\u0435\u0440\u0438\u0430\u043b Soak-Off \u0432 \u0433\u0435\u043b\u0435\u0432\u043e\u043c \u0444\u043b\u0430\u043a\u043e\u043d\u0435<br \/>\n<b>\u0421\u0438\u043b\u0430: <\/b><\/strong>5\/5<strong><b><br \/>\n\u041e\u0445\u0432\u0430\u0442:\u00a0<\/b><\/strong>3\/5<strong><br \/>\n<b>\u0412\u044f\u0437\u043a\u043e\u0441\u0442\u044c:\u00a0<\/b><\/strong>3\/5<\/p>\n<p>______________________________________________________________<\/p>\n<h3 class=\"station-tabs-tabtitle\"><span id=\"station-tabs-tab_ht-i0-t15\" class=\"station-tabs-tab is-active\" role=\"button\" aria-controls=\"station-tabs-tabpanel_ht-i0-t15\" data-slug=\"aboutnbsp\" aria-expanded=\"true\"><span class=\"station-tabs-tabtext\">\u041e:<\/span><\/span><\/h3>\n<div id=\"station-tabs-tabpanel_ht-i0-t15\" class=\"station-tabs-tabpanel is-active\" role=\"region\" aria-labelledby=\"station-tabs-tab_ht-i0-t15\" aria-hidden=\"false\">\n<div class=\"station-tabs-tabcontent\">\n<p>\u041f\u0440\u0435\u0432\u0440\u0430\u0442\u0438\u0442\u0435 \u0441\u043b\u0430\u0431\u044b\u0435, \u0433\u0438\u0431\u043a\u0438\u0435 \u0438\u043b\u0438 \u043b\u043e\u043c\u043a\u0438\u0435 \u043d\u043e\u0433\u0442\u0438 \u0432 \u0443\u043f\u0440\u0443\u0433\u0438\u0435, \u0442\u0432\u0451\u0440\u0434\u044b\u0435 \u0438 \u043f\u0440\u043e\u0447\u043d\u044b\u0435 \u0433\u0435\u043b\u0435\u0432\u044b\u0435 \u043d\u043e\u0433\u0442\u0438 \u0441 \u043f\u043e\u043c\u043e\u0449\u044c\u044e Luxio\u00ae Build. \u042d\u0442\u043e \u0441\u0442\u043e\u0439\u043a\u043e\u0435 \u043f\u043e\u043a\u0440\u044b\u0442\u0438\u0435 \u0441\u043e\u0437\u0434\u0430\u0451\u0442 \u043f\u0440\u043e\u0447\u043d\u0443\u044e \u0438 \u043d\u0430\u0434\u0451\u0436\u043d\u0443\u044e \u043e\u0441\u043d\u043e\u0432\u0443 \u0434\u043b\u044f \u043d\u0430\u043d\u0435\u0441\u0435\u043d\u0438\u044f \u0446\u0432\u0435\u0442\u043d\u043e\u0433\u043e \u043f\u043e\u043a\u0440\u044b\u0442\u0438\u044f Luxio\u00ae \u0438\u043b\u0438 \u043c\u043e\u0436\u0435\u0442 \u0438\u0441\u043f\u043e\u043b\u044c\u0437\u043e\u0432\u0430\u0442\u044c\u0441\u044f \u0441\u0430\u043c\u043e\u0441\u0442\u043e\u044f\u0442\u0435\u043b\u044c\u043d\u043e \u0432 \u043a\u0430\u0447\u0435\u0441\u0442\u0432\u0435 \u0443\u043a\u0440\u0435\u043f\u043b\u044f\u044e\u0449\u0435\u0433\u043e \u0441\u043b\u043e\u044f.<\/p>\n<\/div>\n<\/div>\n<\/div>\n<\/div>","protected":false},"featured_media":10623,"template":"","meta":[],"product_brand":[],"product_cat":[267,271],"product_tag":[],"class_list":{"0":"post-10622","1":"product","2":"type-product","3":"status-publish","4":"has-post-thumbnail","6":"product_cat-akzentz","7":"product_cat-luxio-build","9":"first","10":"instock","11":"taxable","12":"shipping-taxable","13":"purchasable","14":"product-type-simple"},"jetpack_sharing_enabled":true,"_links":{"self":[{"href":"https:\/\/shop.bestudio.ee\/ru\/wp-json\/wp\/v2\/product\/10622","targetHints":{"allow":["GET"]}}],"collection":[{"href":"https:\/\/shop.bestudio.ee\/ru\/wp-json\/wp\/v2\/product"}],"about":[{"href":"https:\/\/shop.bestudio.ee\/ru\/wp-json\/wp\/v2\/types\/product"}],"wp:featuredmedia":[{"embeddable":true,"href":"https:\/\/shop.bestudio.ee\/ru\/wp-json\/wp\/v2\/media\/10623"}],"wp:attachment":[{"href":"https:\/\/shop.bestudio.ee\/ru\/wp-json\/wp\/v2\/media?parent=10622"}],"wp:term":[{"taxonomy":"product_brand","embeddable":true,"href":"https:\/\/shop.bestudio.ee\/ru\/wp-json\/wp\/v2\/product_brand?post=10622"},{"taxonomy":"product_cat","embeddable":true,"href":"https:\/\/shop.bestudio.ee\/ru\/wp-json\/wp\/v2\/product_cat?post=10622"},{"taxonomy":"product_tag","embeddable":true,"href":"https:\/\/shop.bestudio.ee\/ru\/wp-json\/wp\/v2\/product_tag?post=10622"}],"curies":[{"name":"WP","href":"https:\/\/api.w.org\/{rel}","templated":true}]}}