{"id":10725,"date":"2025-10-04T22:06:53","date_gmt":"2025-10-04T19:06:53","guid":{"rendered":"https:\/\/shop.bestudio.ee\/?post_type=product&#038;p=10725"},"modified":"2025-12-01T00:11:40","modified_gmt":"2025-11-30T22:11:40","slug":"luxio-delightful-15ml-5oz","status":"publish","type":"product","link":"https:\/\/shop.bestudio.ee\/ru\/product\/luxio-delightful-15ml-5oz\/","title":{"rendered":"LUXIO \u2013 \u0412\u041e\u0421\u0425\u0418\u0422\u0418\u0422\u0415\u041b\u042c\u041d\u042b\u0419 15\u043c\u043b\/.5\u0443\u043d\u0446."},"content":{"rendered":"<h3 class=\"station-tabs-tabtitle\"><span id=\"station-tabs-tab_ht-i0-t11\" class=\"station-tabs-tab is-active\" tabindex=\"0\" role=\"button\" aria-controls=\"station-tabs-tabpanel_ht-i0-t11\" data-slug=\"product-highlightsnbsp\" aria-expanded=\"true\"><span class=\"station-tabs-tabtext\">PRODUCT HIGHLIGHTS:\u00a0<\/span><\/span><\/h3>\n<div id=\"station-tabs-tabpanel_ht-i0-t11\" class=\"station-tabs-tabpanel is-active\" role=\"region\" aria-labelledby=\"station-tabs-tab_ht-i0-t11\" aria-hidden=\"false\">\n<div class=\"station-tabs-tabcontent\">\n<ul>\n<li>100% Pure Gel<\/li>\n<li>TPO-Free, HEMA-Free, 10-Free, Solvent-Free, Odour-Free<\/li>\n<li>Self-levelling formula<\/li>\n<li>Easy application<\/li>\n<li>Non-shrinking<\/li>\n<li>Colours with excellent, smooth coverage<\/li>\n<li>Extremely durable and long-lasting results<\/li>\n<li>Does not chip, peel or crack<\/li>\n<li>Can be easily soaked-off using Akz\u00e9ntz Soak-Off Solution.<\/li>\n<li>Made in Canada (with European and North American Ingredients)<\/li>\n<\/ul>\n<p>_________________________________________________________________<\/p>\n<h3 class=\"station-tabs-tabtitle\"><span id=\"station-tabs-tab_ht-i0-t37\" class=\"station-tabs-tab mod-last is-active\" tabindex=\"0\" role=\"button\" aria-controls=\"station-tabs-tabpanel_ht-i0-t37\" data-slug=\"recommended-use\" aria-expanded=\"true\"><span class=\"station-tabs-tabtext\">RECOMMENDED USE:<\/span><\/span><\/h3>\n<div id=\"station-tabs-tabpanel_ht-i0-t37\" class=\"station-tabs-tabpanel is-active\" role=\"region\" aria-labelledby=\"station-tabs-tab_ht-i0-t37\" aria-hidden=\"false\">\n<div class=\"station-tabs-tabcontent\">\n<p><strong>Step 1: Nail Preparation<\/strong><br \/>\nBegin by thoroughly prepping the natural nails: cleanse with Akz\u00e9ntz Prep &amp; Wipe, push back or remove cuticles, and buff the nail plate removing all shine, we recommend a 180 grit file.<\/p>\n<p><strong>Step 2: Base Application<\/strong><br \/>\nApply a thin, even layer of Luxio\u00ae Base to the center of the nail, carefully pushing the brush up to the cuticle without touching it. With a light hand, smooth the base down towards the free edge, ensuring full coverage of the nail plate. Cure for 30 seconds.<\/p>\n<p><strong>Step 3: Colour Application<\/strong><br \/>\nSelect your desired Luxio\u00ae Colour. Using the same technique, apply the colour by pushing the brush up towards the cuticle and evenly pulling it down over the nail. Cure for 30 seconds.<\/p>\n<p><strong>Step 4: Second Colour Layer<\/strong><br \/>\nRepeat the colour application process for a second coat. For advanced nail artists, we recommend using a fine liner brush to apply the colour as close to the cuticle as possible without making contact, for a perfected look. Cure for 30 seconds.<\/p>\n<p><strong>Step 5: Finish<\/strong><br \/>\nComplete the service by applying Luxio\u00ae Gloss for a long lasting glossy finish. Cure for 30 seconds, then remove the sticky layer with Akz\u00e9ntz Prep &amp; Wipe. If a tack-free top gloss is preferred, use Akz\u00e9ntz Shine-On. A matte effect can also be achieved by using Akz\u00e9ntz Matte-On.<\/p>\n<p>&nbsp;<\/p>\n<p><strong>Perfect For: <\/strong>Short, brittle, weak or soft and flexible nails. Suited for all nail types.<\/p>\n<p><strong>For Professional-Use Only.<br \/>\n15mL\/0.5oz<\/strong><\/p>\n<p>Ingredients: Di-HEMA Trimethylhexyl Dicarbamate, Hydroxypropyl Methacrilate, HEMA, Hydroxycyclohexyl Phenyl Ketone, Trimethyl Benzoyl Diphenylphosphine Oxide, Polyurethane-11, P-Hydroxyanisole, Silica Silylate, [+\/-: C|77891, C|19140, C|45410]<\/p>\n<\/div>\n<\/div>\n<\/div>\n<\/div>\n","protected":false},"excerpt":{"rendered":"<h3 class=\"station-tabs-tabtitle\"><span id=\"station-tabs-tab_ht-i0-t5\" class=\"station-tabs-tab mod-first is-active\" tabindex=\"0\" role=\"button\" aria-controls=\"station-tabs-tabpanel_ht-i0-t5\" data-slug=\"soak-off-gel-polish\" aria-expanded=\"true\"><span class=\"station-tabs-tabtext\">\u0413\u0435\u043b\u044c-\u043b\u0430\u043a \u0441 \u044d\u0444\u0444\u0435\u043a\u0442\u043e\u043c \u043e\u0442\u043c\u044b\u0432\u0430\u043d\u0438\u044f<\/span><\/span><\/h3>\n<div id=\"station-tabs-tabpanel_ht-i0-t5\" class=\"station-tabs-tabpanel is-active\" role=\"region\" aria-labelledby=\"station-tabs-tab_ht-i0-t5\" aria-hidden=\"false\">\n<div class=\"station-tabs-tabcontent\">\n<p>\u0412\u043e\u0441\u0445\u0438\u0442\u0438\u0442\u0435\u043b\u044c\u043d\u044b\u0439, \u044f\u0440\u043a\u0438\u0439 \u0445\u043e\u043b\u043e\u0434\u043d\u044b\u0439 \u0440\u043e\u0437\u043e\u0432\u044b\u0439 \u0446\u0432\u0435\u0442.<\/p>\n<\/div>\n<\/div>\n<p>Luxio \u2014 \u044d\u0442\u043e \u0447\u0438\u0441\u0442\u044b\u0439 \u0433\u0435\u043b\u044c 100% \u0431\u0435\u0437 \u0437\u0430\u043f\u0430\u0445\u0430 \u0438 \u0440\u0430\u0441\u0442\u0432\u043e\u0440\u0438\u0442\u0435\u043b\u0435\u0439. \u0420\u0430\u0437\u0440\u0430\u0431\u043e\u0442\u0430\u043d \u0434\u043b\u044f \u043f\u043e\u043a\u0440\u044b\u0442\u0438\u044f \u0438 \u0437\u0430\u0449\u0438\u0442\u044b \u043d\u0430\u0442\u0443\u0440\u0430\u043b\u044c\u043d\u044b\u0445 \u043d\u043e\u0433\u0442\u0435\u0439. Luxio \u043e\u0431\u0435\u0441\u043f\u0435\u0447\u0438\u0432\u0430\u0435\u0442 \u043b\u0451\u0433\u043a\u043e\u0441\u0442\u044c \u043d\u0430\u043d\u0435\u0441\u0435\u043d\u0438\u044f \u0438 \u043c\u0430\u043a\u0441\u0438\u043c\u0430\u043b\u044c\u043d\u044b\u0439 \u043a\u043e\u043d\u0442\u0440\u043e\u043b\u044c, \u0447\u0442\u043e \u0434\u0435\u043b\u0430\u0435\u0442 \u0435\u0433\u043e \u0438\u0434\u0435\u0430\u043b\u044c\u043d\u044b\u043c \u0432\u044b\u0431\u043e\u0440\u043e\u043c \u0434\u043b\u044f \u0441\u0442\u043e\u0439\u043a\u043e\u0433\u043e \u0433\u0435\u043b\u0435\u0432\u043e\u0433\u043e \u043c\u0430\u043d\u0438\u043a\u044e\u0440\u0430 \u0438\u043b\u0438 \u043f\u0435\u0434\u0438\u043a\u044e\u0440\u0430.<\/p>\n<p>\u2022 \u0411\u0435\u0437 \u0437\u0430\u043f\u0430\u0445\u0430<br \/>\n\u2022 \u0413\u0435\u043b\u0435\u0432\u0430\u044f \u0444\u043e\u0440\u043c\u0443\u043b\u0430 100%<br \/>\n\u2022 \u041d\u0435 \u0441\u043e\u0434\u0435\u0440\u0436\u0438\u0442 \u0440\u0430\u0441\u0442\u0432\u043e\u0440\u0438\u0442\u0435\u043b\u0435\u0439<br \/>\n\u2022 \u0422\u043e\u043b\u044c\u043a\u043e \u0434\u043b\u044f \u043f\u0440\u043e\u0444\u0435\u0441\u0441\u0438\u043e\u043d\u0430\u043b\u043e\u0432<br \/>\n\u2022 \u0411\u0435\u0437\u043e\u043f\u0430\u0441\u043d\u043e \u0438 \u043b\u0435\u0433\u043a\u043e \u043d\u0430\u043d\u043e\u0441\u0438\u0442\u0441\u044f<br \/>\n\u2022 \u041d\u0430\u0441\u044b\u0449\u0435\u043d\u043d\u044b\u0435, \u0443\u043b\u044c\u0442\u0440\u0430\u043f\u0438\u0433\u043c\u0435\u043d\u0442\u0438\u0440\u043e\u0432\u0430\u043d\u043d\u044b\u0435 \u0446\u0432\u0435\u0442\u0430<br \/>\n\u2022 \u041a\u0440\u0435\u043c\u043e\u043e\u0431\u0440\u0430\u0437\u043d\u0430\u044f \u043a\u043e\u043d\u0441\u0438\u0441\u0442\u0435\u043d\u0446\u0438\u044f, \u043e\u0431\u0435\u0441\u043f\u0435\u0447\u0438\u0432\u0430\u044e\u0449\u0430\u044f \u0438\u0434\u0435\u0430\u043b\u044c\u043d\u044b\u0439 \u043a\u043e\u043d\u0442\u0440\u043e\u043b\u044c<br \/>\n\u2022 \u0421\u0434\u0435\u043b\u0430\u043d\u043e \u0432 \u041a\u0430\u043d\u0430\u0434\u0435 \u0442\u043e\u043b\u044c\u043a\u043e \u0438\u0437 \u0441\u0435\u0432\u0435\u0440\u043e\u0430\u043c\u0435\u0440\u0438\u043a\u0430\u043d\u0441\u043a\u0438\u0445 \u0438 \u0435\u0432\u0440\u043e\u043f\u0435\u0439\u0441\u043a\u0438\u0445 \u0438\u043d\u0433\u0440\u0435\u0434\u0438\u0435\u043d\u0442\u043e\u0432.<\/p>","protected":false},"featured_media":10729,"template":"","meta":[],"product_brand":[],"product_cat":[267,268,269],"product_tag":[],"class_list":{"0":"post-10725","1":"product","2":"type-product","3":"status-publish","4":"has-post-thumbnail","6":"product_cat-akzentz","7":"product_cat-luxio","8":"product_cat-luxio-colour","10":"first","11":"instock","12":"taxable","13":"shipping-taxable","14":"purchasable","15":"product-type-simple"},"jetpack_sharing_enabled":true,"_links":{"self":[{"href":"https:\/\/shop.bestudio.ee\/ru\/wp-json\/wp\/v2\/product\/10725","targetHints":{"allow":["GET"]}}],"collection":[{"href":"https:\/\/shop.bestudio.ee\/ru\/wp-json\/wp\/v2\/product"}],"about":[{"href":"https:\/\/shop.bestudio.ee\/ru\/wp-json\/wp\/v2\/types\/product"}],"wp:featuredmedia":[{"embeddable":true,"href":"https:\/\/shop.bestudio.ee\/ru\/wp-json\/wp\/v2\/media\/10729"}],"wp:attachment":[{"href":"https:\/\/shop.bestudio.ee\/ru\/wp-json\/wp\/v2\/media?parent=10725"}],"wp:term":[{"taxonomy":"product_brand","embeddable":true,"href":"https:\/\/shop.bestudio.ee\/ru\/wp-json\/wp\/v2\/product_brand?post=10725"},{"taxonomy":"product_cat","embeddable":true,"href":"https:\/\/shop.bestudio.ee\/ru\/wp-json\/wp\/v2\/product_cat?post=10725"},{"taxonomy":"product_tag","embeddable":true,"href":"https:\/\/shop.bestudio.ee\/ru\/wp-json\/wp\/v2\/product_tag?post=10725"}],"curies":[{"name":"WP","href":"https:\/\/api.w.org\/{rel}","templated":true}]}}