{"id":10838,"date":"2025-10-05T12:53:03","date_gmt":"2025-10-05T09:53:03","guid":{"rendered":"https:\/\/shop.bestudio.ee\/?post_type=product&#038;p=10838"},"modified":"2025-12-01T00:07:40","modified_gmt":"2025-11-30T22:07:40","slug":"luxio-soleil-15ml-5oz","status":"publish","type":"product","link":"https:\/\/shop.bestudio.ee\/ru\/product\/luxio-soleil-15ml-5oz\/","title":{"rendered":"LUXIO \u2013 SOLEIL 15 \u043c\u043b\/.5 \u0443\u043d\u0446\u0438\u0438"},"content":{"rendered":"<h3><strong>IMPORTANT NOTE<\/strong><\/h3>\n<p>Stir before Use.<\/p>\n<p>Color visualization occurs in a digital environment, and shade representation may vary slightly depending on your screen settings. The actual color tone may differ in real-life conditions.<\/p>\n<p>_________________________________________________________________<\/p>\n<h3><strong>RECOMMENDED USE:<\/strong><\/h3>\n<p><strong>Step 1: Nail Preparation<\/strong><br \/>\nBegin by thoroughly prepping the natural nails: cleanse with Akz\u00e9ntz Prep &amp; Wipe, push back or remove cuticles, and buff the nail plate removing all shine, we recommend a 180 grit file.<\/p>\n<p><strong>Step 2: Base Application<\/strong><br \/>\nApply a thin, even layer of Luxio\u00ae Base to the center of the nail, carefully pushing the brush up to the cuticle without touching it. With a light hand, smooth the base down towards the free edge, ensuring full coverage of the nail plate. Cure for 30 seconds.<\/p>\n<p><strong>Step 3: Colour Application<\/strong><br \/>\nSelect your desired Luxio\u00ae Colour. Using the same technique, apply the colour by pushing the brush up towards the cuticle and evenly pulling it down over the nail. Cure for 30 seconds.<\/p>\n<p><strong>Step 4: Second Colour Layer<\/strong><br \/>\nRepeat the colour application process for a second coat. For advanced nail artists, we recommend using a fine liner brush to apply the colour as close to the cuticle as possible without making contact, for a perfected look. Cure for 30 seconds.<\/p>\n<p><strong>Step 5: Finish<\/strong><br \/>\nComplete the service by applying Luxio\u00ae Gloss for a long lasting glossy finish. Cure for 30 seconds, then remove the sticky layer with Akz\u00e9ntz Prep &amp; Wipe. If a tack-free top gloss is preferred, use Akz\u00e9ntz Shine-On. A matte effect can also be achieved by using Akz\u00e9ntz Matte-On.<\/p>\n<p><strong>Perfect For:\u00a0<\/strong>Short, brittle, weak or soft and flexible nails. Suited for all nail types.<\/p>\n<p><strong>For Professional-Use Only.<br \/>\n15mL\/0.5oz<\/strong><\/p>\n<p><strong>INGREDIENTS:<\/strong> BIS-HYDROXYETHYL ACRYLATE POLY(NEOPENTYL GLYCOL ADIPATE)\/IPDI COPOLYMER, HYDROXYPROPYL METHACRYLATE, ETHYL TRIMETHYLBENZOYL PHENYLPHOSPHINATE; P-HYDROXYANISOLE, SILICA SILYLATE, [+\/-: C|15850, C|17200, C|19140, C|42090, C|45410, C|47005, C|60725, C|73360, C|77007, C|77288, C|77491, C|77492, C|77499, C|77510, C|77742, C|77891]<\/p>\n","protected":false},"excerpt":{"rendered":"<h3><strong>\u0413\u0435\u043b\u044c-\u043b\u0430\u043a \u0441 \u044d\u0444\u0444\u0435\u043a\u0442\u043e\u043c \u043e\u0442\u043c\u044b\u0432\u0430\u043d\u0438\u044f<\/strong><\/h3>\n<p><b>\u0417\u0430\u043a\u0430\u043d\u0447\u0438\u0432\u0430\u0442\u044c:\u00a0<\/b>\u041e\u0442\u0442\u0435\u043d\u043e\u043a<b><br \/>\n\u041e\u0445\u0432\u0430\u0442:\u00a0<\/b>1\/5<b><br \/>\n<\/b><b><\/b><\/p>\n<p>\u041f\u043e\u0446\u0435\u043b\u043e\u0432\u0430\u043d\u043d\u044b\u0439 \u0441\u043e\u043b\u043d\u0446\u0435\u043c \u043e\u0442\u0442\u0435\u043d\u043e\u043a \u043d\u0435\u0436\u043d\u043e\u0433\u043e \u043f\u0435\u0440\u0441\u0438\u043a\u0430,\u00a0<i>\u0421\u043e\u043b\u0435\u0439\u00a0<\/i>\u041d\u0430\u043f\u043e\u043c\u0438\u043d\u0430\u0435\u0442 \u043d\u0435\u0436\u043d\u043e\u0435 \u0442\u0435\u043f\u043b\u043e \u0437\u043e\u043b\u043e\u0442\u0438\u0441\u0442\u043e\u0433\u043e \u0441\u0432\u0435\u0442\u0430 \u043d\u0430 \u043a\u043e\u0436\u0435. \u041f\u0440\u043e\u0437\u0440\u0430\u0447\u043d\u044b\u0439 \u0438 \u0441\u0438\u044f\u044e\u0449\u0438\u0439, \u044d\u0442\u043e\u0442 \u0441\u0438\u044f\u044e\u0449\u0438\u0439 \u043e\u0442\u0442\u0435\u043d\u043e\u043a \u0442\u0430\u0435\u0442 \u043d\u0430 \u043d\u043e\u0433\u0442\u044f\u0445, \u0441\u043b\u043e\u0432\u043d\u043e \u043f\u0440\u0435\u0434\u0432\u0435\u0447\u0435\u0440\u043d\u0435\u0435 \u0441\u043e\u043b\u043d\u0446\u0435 \u2014 \u043d\u0435\u0436\u043d\u043e, \u0443\u0441\u043f\u043e\u043a\u0430\u0438\u0432\u0430\u044e\u0449\u0435 \u0438 \u0442\u0438\u0445\u043e \u0441\u0432\u0435\u0442\u044f\u0441\u044c.<\/p>\n<p>_______________________________________________________________<\/p>\n<h3><strong>\u041e\u0421\u041d\u041e\u0412\u041d\u042b\u0415 \u0425\u0410\u0420\u0410\u041a\u0422\u0415\u0420\u0418\u0421\u0422\u0418\u041a\u0418 \u041f\u0420\u041e\u0414\u0423\u041a\u0422\u0410:<\/strong><\/h3>\n<ul>\n<li>100% \u0427\u0438\u0441\u0442\u044b\u0439 \u0433\u0435\u043b\u044c<\/li>\n<li>\u0411\u0435\u0437 \u0422\u041f\u041e, \u0431\u0435\u0437 \u0413\u042d\u041c\u0410, \u0431\u0435\u0437 10, \u0431\u0435\u0437 \u0440\u0430\u0441\u0442\u0432\u043e\u0440\u0438\u0442\u0435\u043b\u0435\u0439, \u0431\u0435\u0437 \u0437\u0430\u043f\u0430\u0445\u0430<\/li>\n<li>\u0421\u0430\u043c\u043e\u0432\u044b\u0440\u0430\u0432\u043d\u0438\u0432\u0430\u044e\u0449\u0430\u044f\u0441\u044f \u0444\u043e\u0440\u043c\u0443\u043b\u0430<\/li>\n<li>\u041f\u0440\u043e\u0441\u0442\u043e\u0435 \u043f\u0440\u0438\u043c\u0435\u043d\u0435\u043d\u0438\u0435<\/li>\n<li>\u041d\u0435\u0443\u0441\u0430\u0434\u043e\u0447\u043d\u044b\u0439<\/li>\n<li>\u0426\u0432\u0435\u0442\u0430 \u0441 \u043f\u0440\u0435\u0432\u043e\u0441\u0445\u043e\u0434\u043d\u044b\u043c, \u0440\u043e\u0432\u043d\u044b\u043c \u043f\u043e\u043a\u0440\u044b\u0442\u0438\u0435\u043c<\/li>\n<li>\u0427\u0440\u0435\u0437\u0432\u044b\u0447\u0430\u0439\u043d\u043e \u043f\u0440\u043e\u0447\u043d\u044b\u0435 \u0438 \u0434\u043e\u043b\u0433\u043e\u0432\u0435\u0447\u043d\u044b\u0435 \u0440\u0435\u0437\u0443\u043b\u044c\u0442\u0430\u0442\u044b<\/li>\n<li>\u041d\u0435 \u0441\u043a\u0430\u043b\u044b\u0432\u0430\u0435\u0442\u0441\u044f, \u043d\u0435 \u043e\u0442\u0441\u043b\u0430\u0438\u0432\u0430\u0435\u0442\u0441\u044f \u0438 \u043d\u0435 \u0442\u0440\u0435\u0441\u043a\u0430\u0435\u0442\u0441\u044f<\/li>\n<li>\u041b\u0435\u0433\u043a\u043e \u0441\u043c\u044b\u0432\u0430\u0435\u0442\u0441\u044f \u0440\u0430\u0441\u0442\u0432\u043e\u0440\u043e\u043c Akz\u00e9ntz Soak-Off Solution.<\/li>\n<li>\u0421\u0434\u0435\u043b\u0430\u043d\u043e \u0432 \u041a\u0430\u043d\u0430\u0434\u0435 (\u0438\u0437 \u0435\u0432\u0440\u043e\u043f\u0435\u0439\u0441\u043a\u0438\u0445 \u0438 \u0441\u0435\u0432\u0435\u0440\u043e\u0430\u043c\u0435\u0440\u0438\u043a\u0430\u043d\u0441\u043a\u0438\u0445 \u0438\u043d\u0433\u0440\u0435\u0434\u0438\u0435\u043d\u0442\u043e\u0432)<\/li>\n<\/ul>\n<p>_______________________________________________________________<\/p>\n<h3><strong>\u041e:<\/strong><\/h3>\n<p>Luxio\u00ae \u043e\u0442 Akzentz \u2014 \u044d\u0442\u043e \u043d\u0430\u0441\u0442\u043e\u044f\u0449\u0430\u044f \u0440\u043e\u0441\u043a\u043e\u0448\u044c \u0432\u043e \u0444\u043b\u0430\u043a\u043e\u043d\u0435. \u041d\u0430\u0448\u0430 \u0444\u0438\u0440\u043c\u0435\u043d\u043d\u0430\u044f \u043a\u0440\u0435\u043c\u043e\u043e\u0431\u0440\u0430\u0437\u043d\u0430\u044f \u0444\u043e\u0440\u043c\u0443\u043b\u0430 \u0441 \u0431\u043e\u0433\u0430\u0442\u043e\u0439 \u043f\u0438\u0433\u043c\u0435\u043d\u0442\u0430\u0446\u0438\u0435\u0439 \u043e\u0431\u0435\u0441\u043f\u0435\u0447\u0438\u0432\u0430\u0435\u0442 \u0433\u043b\u0430\u0434\u043a\u043e\u0435 \u0438 \u0440\u0430\u0432\u043d\u043e\u043c\u0435\u0440\u043d\u043e\u0435 \u043f\u043e\u043a\u0440\u044b\u0442\u0438\u0435 \u043a\u0430\u0436\u0434\u044b\u0439 \u0440\u0430\u0437. Luxio\u00ae \u2014 \u044d\u0442\u043e \u0447\u0438\u0441\u0442\u0430\u044f \u0433\u0435\u043b\u0435\u0432\u0430\u044f \u0444\u043e\u0440\u043c\u0443\u043b\u0430, \u043e\u0431\u0435\u0441\u043f\u0435\u0447\u0438\u0432\u0430\u044e\u0449\u0430\u044f \u043b\u0451\u0433\u043a\u043e\u0441\u0442\u044c \u043d\u0430\u043d\u0435\u0441\u0435\u043d\u0438\u044f \u0438 \u043d\u0435\u043f\u0440\u0435\u0432\u0437\u043e\u0439\u0434\u0451\u043d\u043d\u0443\u044e \u0441\u0442\u043e\u0439\u043a\u043e\u0441\u0442\u044c, \u0430 \u0442\u0430\u043a\u0436\u0435 \u0441\u043e\u0445\u0440\u0430\u043d\u044f\u044e\u0449\u0430\u044f \u0437\u0434\u043e\u0440\u043e\u0432\u044c\u0435 \u043d\u0430\u0442\u0443\u0440\u0430\u043b\u044c\u043d\u044b\u0445 \u043d\u043e\u0433\u0442\u0435\u0439. Luxio\u00ae \u0434\u0430\u0440\u0438\u0442 \u0440\u043e\u0441\u043a\u043e\u0448\u043d\u044b\u0439 \u043e\u043f\u044b\u0442 \u043d\u0435 \u0442\u043e\u043b\u044c\u043a\u043e \u043c\u0430\u0441\u0442\u0435\u0440\u0430\u043c \u043f\u043e \u043c\u0430\u043d\u0438\u043a\u044e\u0440\u0443, \u043d\u043e \u0438 \u0441\u0430\u043c\u044b\u043c \u0432\u0437\u044b\u0441\u043a\u0430\u0442\u0435\u043b\u044c\u043d\u044b\u043c \u043a\u043b\u0438\u0435\u043d\u0442\u0430\u043c.<\/p>","protected":false},"featured_media":10842,"template":"","meta":[],"product_brand":[],"product_cat":[267,268,269],"product_tag":[],"class_list":{"0":"post-10838","1":"product","2":"type-product","3":"status-publish","4":"has-post-thumbnail","6":"product_cat-akzentz","7":"product_cat-luxio","8":"product_cat-luxio-colour","10":"first","11":"instock","12":"taxable","13":"shipping-taxable","14":"purchasable","15":"product-type-simple"},"jetpack_sharing_enabled":true,"_links":{"self":[{"href":"https:\/\/shop.bestudio.ee\/ru\/wp-json\/wp\/v2\/product\/10838","targetHints":{"allow":["GET"]}}],"collection":[{"href":"https:\/\/shop.bestudio.ee\/ru\/wp-json\/wp\/v2\/product"}],"about":[{"href":"https:\/\/shop.bestudio.ee\/ru\/wp-json\/wp\/v2\/types\/product"}],"wp:featuredmedia":[{"embeddable":true,"href":"https:\/\/shop.bestudio.ee\/ru\/wp-json\/wp\/v2\/media\/10842"}],"wp:attachment":[{"href":"https:\/\/shop.bestudio.ee\/ru\/wp-json\/wp\/v2\/media?parent=10838"}],"wp:term":[{"taxonomy":"product_brand","embeddable":true,"href":"https:\/\/shop.bestudio.ee\/ru\/wp-json\/wp\/v2\/product_brand?post=10838"},{"taxonomy":"product_cat","embeddable":true,"href":"https:\/\/shop.bestudio.ee\/ru\/wp-json\/wp\/v2\/product_cat?post=10838"},{"taxonomy":"product_tag","embeddable":true,"href":"https:\/\/shop.bestudio.ee\/ru\/wp-json\/wp\/v2\/product_tag?post=10838"}],"curies":[{"name":"WP","href":"https:\/\/api.w.org\/{rel}","templated":true}]}}